{"id":2724,"date":"2025-10-01T17:09:36","date_gmt":"2025-10-01T17:09:36","guid":{"rendered":"https:\/\/carol.ro\/history-and-present\/"},"modified":"2025-10-13T14:45:57","modified_gmt":"2025-10-13T14:45:57","slug":"history-and-present","status":"publish","type":"page","link":"https:\/\/carol.ro\/en\/history-and-present\/","title":{"rendered":"History and present"},"content":{"rendered":"<div class=\"wpb-content-wrapper\">[vc_section][vc_row][vc_column][vc_column_text css=&#8221;&#8221;]\n<p style=\"font-weight: 400;\"><span>The tradition of this anniversary began in Bucharest, on November 22, 1867, when the second normal school in the Romanian Principalities opened. The year itself marked the beginning of major changes in the history of the education system and education in the Romanian Principalities, as a result of the decades-long efforts of the Pashuptin intellectuals to culturally elevate the Romanian people. <\/span><\/p>\n<p style=\"font-weight: 400;\"><span> <strong><em>&#8220;We will only have good village schools if we first have teachers.&#8221;<\/em><\/strong><br \/>\nIn the context of the era, there was a need for better-trained village teachers in a school organized on pedagogical principles. The only normal school in Ia\u0219i could no longer provide, on its own, the great need for teachers required by the country&#8217;s needs. In order to create this school, in October 1867, the sociologist Dimitrie Gusti, Minister of Public Instruction and Religious Affairs, submitted a report to King Carol I in which he emphasized, among other things, that &#8220;we will not have good village schools unless we first have capable teachers who are up to their calling&#8221;. By the decree signed on October 20, 1867, King Carol I appointed a commission whose role was to prepare the works for the organization of &#8220;a preparatory school for village teachers&#8221; in Bucharest. The commission was composed of Carol Davila, Constantin Esarcu, V.A. Urechia, Gr. \u015etef\u0103nescu and August Treboniu Laurian, with Dimitrie Gusti as the coordinator.<\/span><\/p>\n[\/vc_column_text][vc_column_text css=&#8221;&#8221;]\n<p style=\"font-weight: 400;\"><strong><em>Bucharest Period (1867-1896) <\/em><\/strong><\/p>\n<p style=\"font-weight: 400;\"><span>The prince&#8217;s first visit to the school took place on November 30. Since then, &#8220;St. Andrew&#8221; was adopted as the school&#8217;s spiritual protector, and the date itself became, conventionally, the school&#8217;s &#8220;birthday&#8221;. Until the construction of its own building, the school operated in Bucharest, in rented premises, for 29 years. In the first year, the school was called the &#8220;Bucharest Pedagogical Institute&#8221; and had no budget. The first director, between 1868-1881, was George Radu Melidon. A personality of Romanian education, Melidon was one of the militants of the cultural uplift and enlightenment of the Romanian people by organizing schools in the villages. To this end, he strived for the normal school in Bucharest to become a model center of methodical guidance for the other normal schools in the country. In 1870, the school gave the first series of 40 graduates with three years of study. At the celebration, the awards were distributed by Lady Elisabeta, the wife of the prince. <\/span><\/p>\n<p style=\"font-weight: 400;\"><strong><em> The Campulungean period <\/em><\/strong><\/p>\n<p style=\"font-weight: 400;\"><span>At the suggestion of King Carol I, the steps to relocate the &#8220;Carol I&#8221; Normal School from Bucharest to C\u00e2mpulung began in 1887. The land on which a separate building for the normal school in C\u00e2mpulung was to be built was chosen by Dimitrie Sturza and Spiru Haret, near the Fl\u00e2m\u00e2nda Church, where there had been a school with free maintenance for those who studied, since the end of the 18th century. The negotiations for the purchase of 10 hectares &#8220;under the Fl\u00e2m\u00e2nda hill, above the city&#8221; were held between Dimitrie A. Sturza, the Minister of Public Instruction, and Istrate Rizeanu, the mayor of C\u00e2mpulung, as a representative of the Communal Council. The residents of the city and Muscel County, happy for such a decision, sent a telegram of thanks to Nicolae Kretzulescu, the president of the Senate (who was also born in Leordeni). The telegram was read in the meeting of January 11, 1890. The school construction plan was drawn up by the architect Socolescu, and the construction works were led by Giovani Batista Dreina. The cornerstone of the monumental building was laid on October 26, 1892. Present were: Tache Ionescu, Minister of Public Instruction, Alexandru R\u00eemniceanu, Prefect of Muscel County, Istrate Rizeanu, Mayor of the city, M.Sachelarie, President of the Tribunal, Gh.Ionescu, School Inspector of the County, etc. Consisting of 113 rooms and a large and beautiful amphitheater, the school has a study area of \u200b\u200b8,000 square meters. It cost 12,000 gold coins, offered by Carol I as early as December 22, 1867 for &#8220;the construction of a proper building in which the Pedagogical Institute of Bucharest will be located, intended to provide teachers to rural communes&#8221;. The school was inaugurated in 1896.<\/span><\/p>\n<p style=\"font-weight: 400;\"><span>In the first series of graduates from here was Constantin R\u0103dulescu-Codin, born in the village of Zgripce\u015fti, Bele\u0163i-Negresti commune, Muscel. Teacher, school inspector, remarkable folklore collector. Among the first scholarship holders admitted in 1896 was Ion Mihalache, born in the village of Gole\u015ftii Badii, Muscel (1882-m.1965). He graduated as head of the class in 1901. In the school museum there is his bust, a donation from the PN\u0162-CD Arge\u015f.<br \/>\nAfter the education reform of 1948, it was renamed the C\u00e2mpulung-Muscel Pedagogical High School. At that time, works of great value were also lost, including the painting &#8220;Ascension of the Madonna&#8221; (later recovered), donated in 1898 by the Ministry of Public Instruction, and a bust of King Carol I. <\/span><\/p>\n<p style=\"font-weight: 400;\"><span> <\/span><\/p>\n<p style=\"font-weight: 400;\"><strong><em>PERSONALITIES OF THE NATIONAL PEDAGOGICAL COLLEGE &#8220;CAROL I&#8221;<\/em><\/strong><\/p>\n<p style=\"font-weight: 400;\"><span> <\/span><\/p>\n<p style=\"font-weight: 400;\"><strong><em>Ion C. Massim<\/em><\/strong><span> is the first professor on the list proposed by D. Gusti for appointment to the Bucharest Normal School. He also endorsed the position of director until the appointment of G. R. Melidon. In terms of intellectual formation and pedagogical conception, Ion C. Massim belonged to the Transylvanian enlightenment current, joining the ranks of Transylvanian scholars who crossed the Carpathians, contributing to the national reawakening. He worked as a professor of Romanian at the Normal School. He published reference works such as &#8220;The New Romanian Alphabet&#8221; with methodical approaches to writing and reading; in his capacity as a linguist he is the author, together with August Treboniu Laurian, of the Dictionary of the Romanian Language edited by the Romanian Academy. (1873-1877). As a sign of gratitude, the school library bears his name. <\/span><\/p>\n<p style=\"font-weight: 400;\">Ion Ionescu from Brad, a leading economist and agronomist, took specialized courses in France, including those in natural sciences at the Sorbonne. The experience gained in the lessons given to students at the normal school was put to good use in the work &#8220;Elementary Lessons in Agriculture&#8221;. An advocate of scientifically based agriculture, he campaigned for the use of agricultural machinery, establishing a school and a model farm in Brad.<\/p>\n<p style=\"font-weight: 400;\">Among the first scholarship holders admitted in 1896 was Ion Mihalache, born in the village of Gole\u015ftii Badii, Muscel (1882-d.1965). He graduated as head of his class in 1901. He was Minister of the Interior, president of the Teachers&#8217; Association of Muscel and later, president of the Teachers&#8217; Association of Romania. <\/p>\n<p style=\"font-weight: 400;\">Constantin Esarcu, Romanian naturalist and politician, Minister of Foreign Affairs of Romania (1891), was the initiator and president of the Committee for the construction of the Romanian Athenaeum. He was among the first professors of the Bucharest Normal School, and was also the first professor of biology at the University of Bucharest. His prodigious activity was crowned by his election as a corresponding member of the Romanian Academy. <\/p>\n<p style=\"font-weight: 400;\">Petre S. Aurelian, Prime Minister (in the title of the era, President of the Council of Ministers) between Nov. 1896 and March 1897, leader of the P.N.L. flag group, distinguished himself as an agronomist and economist, supporting the protectionist trend in the economy. In N. Iorga&#8217;s view, he was &#8220;one of the first Romanians to have serious knowledge of agriculture&#8221;.<\/p>\n<p style=\"font-weight: 400;\"><span>The Department of Pedagogy of the Normal School after G.R. Melidon continued to enjoy prestigious staff, with Petre Dulfu at the forefront. Known especially for &#8220;The Exploits of P\u0103cal\u0103&#8221;, he is also a renowned pedagogue. <\/span><\/p>\n<p style=\"font-weight: 400;\">Ilarion Velculescu, an eminent professor of pedagogy, led the school&#8217;s destinies as director between 1898-1921, with a three-year interruption, including during the difficult moments of World War I, when the building was transformed into a military hospital.<\/p>\n<p style=\"font-weight: 400;\">Ion Nanu-Muscel worked in the school in C\u00e2mpulung, became a professor at the Faculty of Medicine in Bucharest, a member of the Romanian Academy. He conducted research on cholera and relapsing fever. <\/p>\n<p style=\"font-weight: 400;\"><span>In the first series of graduates from here was Constantin R\u0103dulescu-Codin, teacher, school inspector, remarkable folklore collector, standing alongside the great folklorists Simion Florean Marian, I. Pop Reteganul. An exemplary patriot figure, he fought in the War of Reunification, being decorated with the order &#8220;Mihai Viteazul&#8221;. <\/span><\/p>\n<p style=\"font-weight: 400;\">I.C. Petrescu was a leading representative of the Romanian pedagogical school, professor of pedagogy at the University of Bucharest. With studies in Germany and France, he will hold important dignities in the Ministry of Public Instruction, taking measures for the development of the entire Romanian education system. In Bucharest, in appreciation of his pedagogical activity, the &#8220;I.C. Petrescu&#8221; National Pedagogical Library was established after 1989. The fact that the &#8220;Carol I&#8221; Normal School fulfilled its mission is demonstrated by its leading graduates, who often became, over the years, its outstanding teachers. In this double capacity, we can mention Ilie Patraulea, who became a professor of pedagogy, and Ilie St\u0103nculescu, in turn, head of the School&#8217;s promotion, who became a professor of pedagogy at the end of his higher studies, both at the Normal School and within the Pedagogical Institute of Pitesti. He remains in the annals of the School as one of the most appreciated teachers and directors. His work entitled &#8220;Child Psychology and Pedagogical Psychology&#8221; is a reference in this field.  <\/p>\n<p style=\"font-weight: 400;\">Prof. Univ. dr. Ion Tudosescu, a graduate of the school, former dean of the Faculty of Philosophy in Bucharest, distinguished himself through his vast work, which includes the following titles: Order and Hazard (1996), Metaphilosophy (1997), The Axiological Identity of Romanians (1999), Human and Efficient Action (2000), Being, Essence, Existence. Treatise on Ontology, I (2002), Existence, Becoming, Determinism, Treatise on Ontology, II (2003), Social and Human Existence. Treatise on Ontology, III (forthcoming). Through his work, he is a prominent representative of Romanian philosophical thought.<\/p>\n<p style=\"font-weight: 400;\">Prof. Univ. dr. Nicolae Oprescu, head of the honor roll of the &#8220;Carol I&#8221; Normal School, year 1944. stood out with his doctoral thesis &#8220;The formative role of mathematical education in grades I-IV&#8221;. This highlights his concerns in the field of pedagogy, complemented by other works such as: Curs de pedagogie (1984), Les jeux didactiques dans le processus \u00e9ducatif (Sofia, 1965).<\/p>\n<p style=\"font-weight: 400;\">Prof. Dr. Ioan Neac\u015fu (b. 1945) is a professor at the Faculty of Psychology, University of Bucharest. He has published: &#8220;Methods and techniques of efficient learning&#8221; (1990), &#8220;Instruction and learning&#8221; (1999), &#8220;Pedagogical lectures&#8221;.<\/p>\n[\/vc_column_text][\/vc_column][\/vc_row][\/vc_section]\n<\/div>","protected":false},"excerpt":{"rendered":"<p>[vc_section][vc_row][vc_column][vc_column_text css=&#8221;&#8221;] The tradition of this anniversary began in Bucharest, on November 22, 1867, when the second normal school in the Romanian Principalities opened. The year itself marked the beginning [&hellip;]<\/p>\n","protected":false},"author":1,"featured_media":0,"parent":0,"menu_order":0,"comment_status":"closed","ping_status":"closed","template":"","meta":{"footnotes":""},"class_list":["post-2724","page","type-page","status-publish","hentry"],"_links":{"self":[{"href":"https:\/\/carol.ro\/en\/wp-json\/wp\/v2\/pages\/2724","targetHints":{"allow":["GET"]}}],"collection":[{"href":"https:\/\/carol.ro\/en\/wp-json\/wp\/v2\/pages"}],"about":[{"href":"https:\/\/carol.ro\/en\/wp-json\/wp\/v2\/types\/page"}],"author":[{"embeddable":true,"href":"https:\/\/carol.ro\/en\/wp-json\/wp\/v2\/users\/1"}],"replies":[{"embeddable":true,"href":"https:\/\/carol.ro\/en\/wp-json\/wp\/v2\/comments?post=2724"}],"version-history":[{"count":5,"href":"https:\/\/carol.ro\/en\/wp-json\/wp\/v2\/pages\/2724\/revisions"}],"predecessor-version":[{"id":2844,"href":"https:\/\/carol.ro\/en\/wp-json\/wp\/v2\/pages\/2724\/revisions\/2844"}],"wp:attachment":[{"href":"https:\/\/carol.ro\/en\/wp-json\/wp\/v2\/media?parent=2724"}],"curies":[{"name":"wp","href":"https:\/\/api.w.org\/{rel}","templated":true}]}}